{"id":32,"date":"2026-03-10T05:53:00","date_gmt":"2026-03-10T02:53:00","guid":{"rendered":"https:\/\/arayayin.com\/dagitim\/?page_id=32"},"modified":"2026-03-10T06:23:49","modified_gmt":"2026-03-10T03:23:49","slug":"mesafeli-satis-sozlesmesi","status":"publish","type":"page","link":"https:\/\/arayayin.com\/dagitim\/mesafeli-satis-sozlesmesi\/","title":{"rendered":"Mesafeli Sat\u0131\u015f S\u00f6zle\u015fmesi"},"content":{"rendered":"\n<h1 class=\"wp-block-heading\"><\/h1>\n\n\n\n<h3 class=\"wp-block-heading\">1. TARAFLAR<\/h3>\n\n\n\n<p><strong>1.1. SATICI:<\/strong><\/p>\n\n\n\n<ul class=\"wp-block-list\">\n<li><strong>\u00dcnvan\u0131:<\/strong> Nail D\u00fcndar (\u015eah\u0131s Firmas\u0131) \u2013 (Bundan sonra &#8220;SATICI&#8221; olarak an\u0131lacakt\u0131r)<\/li>\n\n\n\n<li><strong>Adres:<\/strong> K\u0131rm\u0131z\u0131toprak Mah. Porsuk Bulvar\u0131 Nilay Sk. Emin Apt No: 11 B Odunpazar\u0131\/ Eski\u015fehir<\/li>\n\n\n\n<li><strong>Vergi No \/ Dairesi:<\/strong> 3220358942 \/ Eski\u015fehir VD<\/li>\n\n\n\n<li><strong>Telefon:<\/strong> 05333799443<\/li>\n\n\n\n<li><strong>e-mail: <\/strong>dagitim@arayayin.com<\/li>\n\n\n\n<li><strong>Web Adresi:<\/strong> <a href=\"https:\/\/www.google.com\/search?q=https:\/\/arayayin.com\/dagitim\" target=\"_blank\" rel=\"noreferrer noopener\">arayayin.com\/dagitim<\/a><\/li>\n<\/ul>\n\n\n\n<p><strong>1.2. ALICI:<\/strong><\/p>\n\n\n\n<ul class=\"wp-block-list\">\n<li><strong>Ad\u0131\/Soyad\u0131\/\u00dcnvan\u0131:<\/strong> [Sipari\u015f Notlar\u0131ndaki Al\u0131c\u0131 Bilgileri]<\/li>\n\n\n\n<li><strong>Adresi:<\/strong> [Sipari\u015f Notlar\u0131ndaki Teslimat Adresi]<\/li>\n\n\n\n<li><strong>Telefon:<\/strong> [Sipari\u015f Notlar\u0131ndaki Telefon]<\/li>\n\n\n\n<li><strong>E-posta:<\/strong> [Sipari\u015f Notlar\u0131ndaki E-posta]<\/li>\n\n\n\n<li>(Bundan sonra &#8220;ALICI&#8221; olarak an\u0131lacakt\u0131r)<\/li>\n<\/ul>\n\n\n\n<h3 class=\"wp-block-heading\">2. S\u00d6ZLE\u015eMEN\u0130N KONUSU<\/h3>\n\n\n\n<p>\u0130\u015fbu S\u00f6zle\u015fme\u2019nin konusu, ALICI\u2019n\u0131n SATICI\u2019ya ait <strong><a target=\"_blank\" rel=\"noreferrer noopener\" href=\"https:\/\/www.google.com\/search?q=https:\/\/arayayin.com\/dagitim\">arayayin.com\/dagitim<\/a><\/strong> internet sitesinden elektronik ortamda sipari\u015fini verdi\u011fi a\u015fa\u011f\u0131da nitelikleri ve sat\u0131\u015f fiyat\u0131 belirtilen \u00fcr\u00fcn\u00fcn sat\u0131\u015f\u0131 ve teslimi ile ilgili olarak 6502 say\u0131l\u0131 T\u00fcketicinin Korunmas\u0131 Hakk\u0131nda Kanun ve Mesafeli S\u00f6zle\u015fmeler Y\u00f6netmeli\u011fi h\u00fck\u00fcmleri gere\u011fince taraflar\u0131n hak ve y\u00fck\u00fcml\u00fcl\u00fcklerinin saptanmas\u0131d\u0131r.<\/p>\n\n\n\n<h3 class=\"wp-block-heading\">3. S\u00d6ZLE\u015eME KONUSU \u00dcR\u00dcN VE \u00d6DEME B\u0130LG\u0130LER\u0130<\/h3>\n\n\n\n<p>Elektronik ortamda al\u0131nan \u00fcr\u00fcn\/\u00fcr\u00fcnlerin t\u00fcr\u00fc, miktar\u0131, sat\u0131\u015f bedeli, \u00f6deme y\u00f6ntemi ve teslimat bilgilerinden olu\u015fmaktad\u0131r. S\u00f6z konusu bilgiler sipari\u015fin sonland\u0131\u011f\u0131 andaki verilerle ayn\u0131d\u0131r.<\/p>\n\n\n\n<h3 class=\"wp-block-heading\">4. GENEL H\u00dcK\u00dcMLER<\/h3>\n\n\n\n<ul class=\"wp-block-list\">\n<li><strong>4.1.<\/strong> ALICI, SATICI\u2019ya ait internet sitesinde s\u00f6zle\u015fme konusu \u00fcr\u00fcn\u00fcn temel nitelikleri, sat\u0131\u015f fiyat\u0131 ve \u00f6deme \u015fekli ile teslimata ili\u015fkin \u00f6n bilgileri okuyup bilgi sahibi oldu\u011funu ve elektronik ortamda gerekli teyidi verdi\u011fini beyan eder.<\/li>\n\n\n\n<li><strong>4.2.<\/strong> S\u00f6zle\u015fme konusu \u00fcr\u00fcn, yasal 30 g\u00fcnl\u00fck s\u00fcreyi a\u015fmamak kayd\u0131 ile ALICI&#8217;n\u0131n yerle\u015fim yerinin uzakl\u0131\u011f\u0131na ba\u011fl\u0131 olarak internet sitesindeki \u00f6n bilgiler i\u00e7inde a\u00e7\u0131klanan s\u00fcre i\u00e7inde ALICI veya g\u00f6sterdi\u011fi adresteki ki\u015fi\/kurulu\u015fa teslim edilir.<\/li>\n\n\n\n<li><strong>4.3.<\/strong> SATICI, s\u00f6zle\u015fme konusu \u00fcr\u00fcn\u00fcn sa\u011flam, eksiksiz, sipari\u015fte belirtilen niteliklere uygun ve varsa garanti belgeleri ve kullan\u0131m k\u0131lavuzlar\u0131 ile teslim edilmesinden sorumludur.<\/li>\n\n\n\n<li><strong>4.4.<\/strong> \u00dcr\u00fcn\u00fcn teslimat\u0131 an\u0131nda ALICI&#8217;n\u0131n adreste bulunmamas\u0131 durumunda dahi SATICI, edimini tam ve eksiksiz olarak yerine getirmi\u015f kabul edilecektir. Bu nedenle, ALICI&#8217;n\u0131n \u00fcr\u00fcn\u00fc ge\u00e7 teslim almas\u0131ndan kaynaklanan her t\u00fcrl\u00fc zarar ile \u00fcr\u00fcn\u00fcn kargo \u015firketinde beklemi\u015f olmas\u0131 ve\/veya kargonun SATICI&#8217;ya geri iade edilmesinden dolay\u0131 olu\u015fan giderler de ALICI&#8217;ya aittir.<\/li>\n<\/ul>\n\n\n\n<h3 class=\"wp-block-heading\">5. CAYMA HAKKI<\/h3>\n\n\n\n<p>ALICI; \u00fcr\u00fcn\u00fcn kendisine veya g\u00f6sterdi\u011fi adresteki ki\u015fi\/kurulu\u015fa teslim tarihinden itibaren <strong>14 (ond\u00f6rt) g\u00fcn<\/strong> i\u00e7erisinde, hi\u00e7bir hukuki ve cezai sorumluluk \u00fcstlenmeksizin ve hi\u00e7bir gerek\u00e7e g\u00f6stermeksizin mal\u0131 reddederek s\u00f6zle\u015fmeden cayma hakk\u0131na sahiptir.<\/p>\n\n\n\n<p><strong>Cayma Hakk\u0131n\u0131n Kullan\u0131lamayaca\u011f\u0131 Haller:<\/strong><\/p>\n\n\n\n<ul class=\"wp-block-list\">\n<li>ALICI&#8217;n\u0131n iste\u011fi veya a\u00e7\u0131k\u00e7a ki\u015fisel ihtiya\u00e7lar\u0131 do\u011frultusunda haz\u0131rlanan mallar.<\/li>\n\n\n\n<li>Gazete, dergi gibi s\u00fcreli yay\u0131nlara ili\u015fkin s\u00f6zle\u015fmeler (Kitaplar bu kapsama girmez; ancak kitab\u0131n jelatin, paket gibi koruyucu unsurlar\u0131n\u0131n a\u00e7\u0131lm\u0131\u015f olmas\u0131 durumunda iade sa\u011fl\u0131k ve hijyen kurallar\u0131 veya \u00fcr\u00fcn\u00fcn niteli\u011fi gere\u011fi reddedilebilir).<\/li>\n\n\n\n<li>Tek seferde kullan\u0131lan \u00fcr\u00fcnler, h\u0131zl\u0131 bozulan veya son kullanma tarihi ge\u00e7me ihtimali olan mallar.<\/li>\n<\/ul>\n\n\n\n<h3 class=\"wp-block-heading\">6. UYU\u015eMAZLIKLARIN \u00c7\u00d6Z\u00dcM\u00dc<\/h3>\n\n\n\n<p>\u0130\u015fbu s\u00f6zle\u015fmenin uygulanmas\u0131nda, G\u00fcmr\u00fck ve Ticaret Bakanl\u0131\u011f\u0131nca ilan edilen de\u011fere kadar T\u00fcketici Hakem Heyetleri ile SATICI&#8217;n\u0131n yerle\u015fim yerindeki (Eski\u015fehir) T\u00fcketici Mahkemeleri yetkilidir.<\/p>\n\n\n\n<h3 class=\"wp-block-heading\">7. Y\u00dcR\u00dcRL\u00dcK<\/h3>\n\n\n\n<p>ALICI, site \u00fczerinden verdi\u011fi sipari\u015fe ait \u00f6demeyi ger\u00e7ekle\u015ftirdi\u011finde i\u015fbu s\u00f6zle\u015fmenin t\u00fcm \u015fartlar\u0131n\u0131 kabul etmi\u015f say\u0131l\u0131r.<\/p>\n","protected":false},"excerpt":{"rendered":"<p>1. TARAFLAR 1.1. SATICI: 1.2. ALICI: 2. S\u00d6ZLE\u015eMEN\u0130N KONUSU \u0130\u015fbu S\u00f6zle\u015fme\u2019nin konusu, ALICI\u2019n\u0131n SATICI\u2019ya ait arayayin.com\/dagitim internet sitesinden elektronik ortamda sipari\u015fini verdi\u011fi a\u015fa\u011f\u0131da nitelikleri ve sat\u0131\u015f fiyat\u0131 belirtilen \u00fcr\u00fcn\u00fcn sat\u0131\u015f\u0131 ve teslimi ile ilgili olarak 6502 say\u0131l\u0131 T\u00fcketicinin Korunmas\u0131 Hakk\u0131nda Kanun ve Mesafeli S\u00f6zle\u015fmeler Y\u00f6netmeli\u011fi h\u00fck\u00fcmleri gere\u011fince taraflar\u0131n hak ve y\u00fck\u00fcml\u00fcl\u00fcklerinin saptanmas\u0131d\u0131r. 3. S\u00d6ZLE\u015eME KONUSU [&hellip;]<\/p>\n","protected":false},"author":1,"featured_media":0,"parent":0,"menu_order":0,"comment_status":"closed","ping_status":"closed","template":"","meta":{"footnotes":""},"class_list":["post-32","page","type-page","status-publish","hentry"],"_links":{"self":[{"href":"https:\/\/arayayin.com\/dagitim\/wp-json\/wp\/v2\/pages\/32","targetHints":{"allow":["GET"]}}],"collection":[{"href":"https:\/\/arayayin.com\/dagitim\/wp-json\/wp\/v2\/pages"}],"about":[{"href":"https:\/\/arayayin.com\/dagitim\/wp-json\/wp\/v2\/types\/page"}],"author":[{"embeddable":true,"href":"https:\/\/arayayin.com\/dagitim\/wp-json\/wp\/v2\/users\/1"}],"replies":[{"embeddable":true,"href":"https:\/\/arayayin.com\/dagitim\/wp-json\/wp\/v2\/comments?post=32"}],"version-history":[{"count":2,"href":"https:\/\/arayayin.com\/dagitim\/wp-json\/wp\/v2\/pages\/32\/revisions"}],"predecessor-version":[{"id":54,"href":"https:\/\/arayayin.com\/dagitim\/wp-json\/wp\/v2\/pages\/32\/revisions\/54"}],"wp:attachment":[{"href":"https:\/\/arayayin.com\/dagitim\/wp-json\/wp\/v2\/media?parent=32"}],"curies":[{"name":"wp","href":"https:\/\/api.w.org\/{rel}","templated":true}]}}