{"id":56,"date":"2026-03-10T06:28:32","date_gmt":"2026-03-10T03:28:32","guid":{"rendered":"https:\/\/arayayin.com\/dagitim\/?page_id=56"},"modified":"2026-03-10T06:28:32","modified_gmt":"2026-03-10T03:28:32","slug":"hakkimizda","status":"publish","type":"page","link":"https:\/\/arayayin.com\/dagitim\/hakkimizda\/","title":{"rendered":"Hakk\u0131m\u0131zda"},"content":{"rendered":"\n<p><strong>Ara Yay\u0131n<\/strong>, 2024 y\u0131l\u0131nda Eski\u015fehir\u2019de, yay\u0131nc\u0131l\u0131k d\u00fcnyas\u0131na yeni bir soluk getirmek ve nitelikli eserleri okurlarla bulu\u015fturmak amac\u0131yla kurulmu\u015ftur.<\/p>\n\n\n\n<p><\/p>\n\n\n\n<ul class=\"wp-block-list\">\n<li><strong>Kendi Yay\u0131nlar\u0131m\u0131z:<\/strong> Kendi b\u00fcnyemizde titizlikle haz\u0131rlad\u0131\u011f\u0131m\u0131z eserleri, yay\u0131n d\u00fcnyas\u0131na kazand\u0131rarak literat\u00fcre de\u011fer kat\u0131yoruz.<\/li>\n\n\n\n<li><strong>Toptan ve Perakende Da\u011f\u0131t\u0131m:<\/strong> T\u00fcrkiye\u2019nin \u00f6nde gelen yay\u0131nevlerinin eserlerini hem bireysel okurlar\u0131m\u0131za (perakende) hem de sekt\u00f6r payda\u015flar\u0131m\u0131za (toptan) en h\u0131zl\u0131 ve g\u00fcvenilir \u015fekilde ula\u015ft\u0131r\u0131yoruz.<\/li>\n\n\n\n<li><strong>Yay\u0131nevi ve Yay\u0131nc\u0131l\u0131k Hizmetleri:<\/strong> Di\u011fer yay\u0131nevlerine ve kitab\u0131n\u0131 yay\u0131nlamak isteyen yazarlara, edit\u00f6rl\u00fck, yay\u0131na haz\u0131rlama ve yay\u0131nevi kurulum dan\u0131\u015fmanl\u0131\u011f\u0131 hizmetleri sunuyoruz.<\/li>\n<\/ul>\n\n\n\n<p><\/p>\n\n\n\n<hr class=\"wp-block-separator has-alpha-channel-opacity\"\/>\n\n\n\n<h3 class=\"wp-block-heading\">\u0130leti\u015fim Bilgilerimiz:<\/h3>\n\n\n\n<ul class=\"wp-block-list\">\n<li><strong>Firma \u00dcnvan\u0131:<\/strong> Nail D\u00fcndar (\u015eah\u0131s Firmas\u0131)<\/li>\n\n\n\n<li><strong>Adres:<\/strong> K\u0131rm\u0131z\u0131toprak Mah. Porsuk Bulvar\u0131 Nilay Sk. Emin Apt No: 11 B Odunpazar\u0131\/ Eski\u015fehir<\/li>\n\n\n\n<li><strong>Telefon:<\/strong> 05333799443<\/li>\n\n\n\n<li><strong>E-posta:<\/strong> dagitim@arayayin.com<\/li>\n<\/ul>\n","protected":false},"excerpt":{"rendered":"<p>Ara Yay\u0131n, 2024 y\u0131l\u0131nda Eski\u015fehir\u2019de, yay\u0131nc\u0131l\u0131k d\u00fcnyas\u0131na yeni bir soluk getirmek ve nitelikli eserleri okurlarla bulu\u015fturmak amac\u0131yla kurulmu\u015ftur. \u0130leti\u015fim Bilgilerimiz:<\/p>\n","protected":false},"author":1,"featured_media":0,"parent":0,"menu_order":0,"comment_status":"closed","ping_status":"closed","template":"","meta":{"footnotes":""},"class_list":["post-56","page","type-page","status-publish","hentry"],"_links":{"self":[{"href":"https:\/\/arayayin.com\/dagitim\/wp-json\/wp\/v2\/pages\/56","targetHints":{"allow":["GET"]}}],"collection":[{"href":"https:\/\/arayayin.com\/dagitim\/wp-json\/wp\/v2\/pages"}],"about":[{"href":"https:\/\/arayayin.com\/dagitim\/wp-json\/wp\/v2\/types\/page"}],"author":[{"embeddable":true,"href":"https:\/\/arayayin.com\/dagitim\/wp-json\/wp\/v2\/users\/1"}],"replies":[{"embeddable":true,"href":"https:\/\/arayayin.com\/dagitim\/wp-json\/wp\/v2\/comments?post=56"}],"version-history":[{"count":1,"href":"https:\/\/arayayin.com\/dagitim\/wp-json\/wp\/v2\/pages\/56\/revisions"}],"predecessor-version":[{"id":57,"href":"https:\/\/arayayin.com\/dagitim\/wp-json\/wp\/v2\/pages\/56\/revisions\/57"}],"wp:attachment":[{"href":"https:\/\/arayayin.com\/dagitim\/wp-json\/wp\/v2\/media?parent=56"}],"curies":[{"name":"wp","href":"https:\/\/api.w.org\/{rel}","templated":true}]}}