{"id":8,"date":"2026-02-26T09:39:31","date_gmt":"2026-02-26T09:39:31","guid":{"rendered":"https:\/\/arayayin.com\/dagitim\/cart\/"},"modified":"2026-03-10T05:42:24","modified_gmt":"2026-03-10T02:42:24","slug":"cart","status":"publish","type":"page","link":"https:\/\/arayayin.com\/dagitim\/cart\/","title":{"rendered":"Sepet"},"content":{"rendered":"\n<div data-block-name=\"woocommerce\/cart\" class=\"wp-block-woocommerce-cart alignwide is-loading\">\n<div data-block-name=\"woocommerce\/filled-cart-block\" class=\"wp-block-woocommerce-filled-cart-block\">\n<div data-block-name=\"woocommerce\/cart-items-block\" class=\"wp-block-woocommerce-cart-items-block\">\n<div data-block-name=\"woocommerce\/cart-line-items-block\" class=\"wp-block-woocommerce-cart-line-items-block\"><\/div>\n\n\n<\/div>\n\n\n\n<div data-block-name=\"woocommerce\/cart-totals-block\" class=\"wp-block-woocommerce-cart-totals-block\">\n<div data-block-name=\"woocommerce\/cart-order-summary-block\" class=\"wp-block-woocommerce-cart-order-summary-block\">\n<div data-block-name=\"woocommerce\/cart-order-summary-heading-block\" data-content=\"Sepet toplamlar\u0131\" class=\"wp-block-woocommerce-cart-order-summary-heading-block\"><\/div>\n\n\n\n<div data-block-name=\"woocommerce\/cart-order-summary-coupon-form-block\" class=\"wp-block-woocommerce-cart-order-summary-coupon-form-block\"><\/div>\n\n\n\n<div data-block-name=\"woocommerce\/cart-order-summary-totals-block\" class=\"wp-block-woocommerce-cart-order-summary-totals-block\">\n<div data-block-name=\"woocommerce\/cart-order-summary-subtotal-block\" class=\"wp-block-woocommerce-cart-order-summary-subtotal-block\"><\/div>\n\n\n\n<div data-block-name=\"woocommerce\/cart-order-summary-fee-block\" class=\"wp-block-woocommerce-cart-order-summary-fee-block\"><\/div>\n\n\n\n<div data-block-name=\"woocommerce\/cart-order-summary-discount-block\" class=\"wp-block-woocommerce-cart-order-summary-discount-block\"><\/div>\n\n\n\n<div data-block-name=\"woocommerce\/cart-order-summary-shipping-block\" class=\"wp-block-woocommerce-cart-order-summary-shipping-block\"><\/div>\n\n\n\n<div data-block-name=\"woocommerce\/cart-order-summary-taxes-block\" class=\"wp-block-woocommerce-cart-order-summary-taxes-block\"><\/div>\n<\/div>\n<\/div>\n\n\n\n<div data-block-name=\"woocommerce\/cart-express-payment-block\" class=\"wp-block-woocommerce-cart-express-payment-block\"><\/div>\n\n\n\n<div data-block-name=\"woocommerce\/proceed-to-checkout-block\" class=\"wp-block-woocommerce-proceed-to-checkout-block\"><\/div>\n\n\n\n<div data-block-name=\"woocommerce\/cart-accepted-payment-methods-block\" class=\"wp-block-woocommerce-cart-accepted-payment-methods-block\"><\/div>\n<\/div>\n<\/div>\n\n\n\n<div data-block-name=\"woocommerce\/empty-cart-block\" class=\"wp-block-woocommerce-empty-cart-block\">\n<h2 class=\"wp-block-heading has-text-align-center with-empty-cart-icon wc-block-cart__empty-cart__title\">Your cart is currently empty!<\/h2>\n\n\n\n<hr class=\"wp-block-separator has-alpha-channel-opacity is-style-dots\"\/>\n\n\n\n<h2 class=\"wp-block-heading has-text-align-center\">New in store<\/h2>\n\n\n<div data-block-name=\"woocommerce\/product-new\" data-columns=\"4\" data-rows=\"1\" class=\"wc-block-grid wp-block-product-new wp-block-woocommerce-product-new wc-block-product-new has-4-columns\"><ul class=\"wc-block-grid__products\"><li class=\"wc-block-grid__product\">\n\t\t\t\t<a href=\"https:\/\/arayayin.com\/dagitim\/product\/kurgu-kitap-editorlugu\/\" class=\"wc-block-grid__product-link\">\n\t\t\t\t\t\n\t\t\t\t\t<div class=\"wc-block-grid__product-image\"><img loading=\"lazy\" decoding=\"async\" width=\"300\" height=\"300\" src=\"https:\/\/arayayin.com\/dagitim\/wp-content\/uploads\/2026\/03\/ara-yayin-300x300.jpg\" class=\"attachment-woocommerce_thumbnail size-woocommerce_thumbnail\" alt=\"Kurgu Kitap Edit\u00f6rl\u00fc\u011f\u00fc\" srcset=\"https:\/\/arayayin.com\/dagitim\/wp-content\/uploads\/2026\/03\/ara-yayin-300x300.jpg 300w, https:\/\/arayayin.com\/dagitim\/wp-content\/uploads\/2026\/03\/ara-yayin-1024x1024.jpg 1024w, https:\/\/arayayin.com\/dagitim\/wp-content\/uploads\/2026\/03\/ara-yayin-150x150.jpg 150w, https:\/\/arayayin.com\/dagitim\/wp-content\/uploads\/2026\/03\/ara-yayin-768x769.jpg 768w, https:\/\/arayayin.com\/dagitim\/wp-content\/uploads\/2026\/03\/ara-yayin-600x601.jpg 600w, https:\/\/arayayin.com\/dagitim\/wp-content\/uploads\/2026\/03\/ara-yayin-100x100.jpg 100w, https:\/\/arayayin.com\/dagitim\/wp-content\/uploads\/2026\/03\/ara-yayin.jpg 1184w\" sizes=\"auto, (max-width: 300px) 100vw, 300px\" \/><\/div>\n\t\t\t\t\t<div class=\"wc-block-grid__product-title\">Kurgu Kitap Edit\u00f6rl\u00fc\u011f\u00fc<\/div>\n\t\t\t\t<\/a>\n\t\t\t\t<div class=\"wc-block-grid__product-price price\"><span class=\"woocommerce-Price-amount amount\"><span class=\"woocommerce-Price-currencySymbol\">&#8378;<\/span>30.000,00<\/span><\/div>\n\t\t\t\t\n\t\t\t\t<div class=\"wp-block-button wc-block-grid__product-add-to-cart\"><a href=\"\/dagitim\/wp-json\/wp\/v2\/pages\/8?add-to-cart=70\" aria-label=\"Sepete ekle: \u201cKurgu Kitap Edit\u00f6rl\u00fc\u011f\u00fc\u201d\" data-quantity=\"1\" data-product_id=\"70\" data-product_sku=\"\" data-price=\"30000\" rel=\"nofollow\" class=\"wp-block-button__link wp-element-button add_to_cart_button ajax_add_to_cart\">Sepete Ekle<\/a><\/div>\n\t\t\t<\/li><li class=\"wc-block-grid__product\">\n\t\t\t\t<a href=\"https:\/\/arayayin.com\/dagitim\/product\/kurgu-disi-kitap-editorlugu\/\" class=\"wc-block-grid__product-link\">\n\t\t\t\t\t\n\t\t\t\t\t<div class=\"wc-block-grid__product-image\"><img loading=\"lazy\" decoding=\"async\" width=\"300\" height=\"300\" src=\"https:\/\/arayayin.com\/dagitim\/wp-content\/uploads\/2026\/03\/ara-yayin-300x300.jpg\" class=\"attachment-woocommerce_thumbnail size-woocommerce_thumbnail\" alt=\"Kurgu D\u0131\u015f\u0131 Kitap Edit\u00f6rl\u00fc\u011f\u00fc\" srcset=\"https:\/\/arayayin.com\/dagitim\/wp-content\/uploads\/2026\/03\/ara-yayin-300x300.jpg 300w, https:\/\/arayayin.com\/dagitim\/wp-content\/uploads\/2026\/03\/ara-yayin-1024x1024.jpg 1024w, https:\/\/arayayin.com\/dagitim\/wp-content\/uploads\/2026\/03\/ara-yayin-150x150.jpg 150w, https:\/\/arayayin.com\/dagitim\/wp-content\/uploads\/2026\/03\/ara-yayin-768x769.jpg 768w, https:\/\/arayayin.com\/dagitim\/wp-content\/uploads\/2026\/03\/ara-yayin-600x601.jpg 600w, https:\/\/arayayin.com\/dagitim\/wp-content\/uploads\/2026\/03\/ara-yayin-100x100.jpg 100w, https:\/\/arayayin.com\/dagitim\/wp-content\/uploads\/2026\/03\/ara-yayin.jpg 1184w\" sizes=\"auto, (max-width: 300px) 100vw, 300px\" \/><\/div>\n\t\t\t\t\t<div class=\"wc-block-grid__product-title\">Kurgu D\u0131\u015f\u0131 Kitap Edit\u00f6rl\u00fc\u011f\u00fc<\/div>\n\t\t\t\t<\/a>\n\t\t\t\t<div class=\"wc-block-grid__product-price price\"><span class=\"woocommerce-Price-amount amount\"><span class=\"woocommerce-Price-currencySymbol\">&#8378;<\/span>40.000,00<\/span><\/div>\n\t\t\t\t\n\t\t\t\t<div class=\"wp-block-button wc-block-grid__product-add-to-cart\"><a href=\"\/dagitim\/wp-json\/wp\/v2\/pages\/8?add-to-cart=69\" aria-label=\"Sepete ekle: \u201cKurgu D\u0131\u015f\u0131 Kitap Edit\u00f6rl\u00fc\u011f\u00fc\u201d\" data-quantity=\"1\" data-product_id=\"69\" data-product_sku=\"\" data-price=\"40000\" rel=\"nofollow\" class=\"wp-block-button__link wp-element-button add_to_cart_button ajax_add_to_cart\">Sepete Ekle<\/a><\/div>\n\t\t\t<\/li><li class=\"wc-block-grid__product\">\n\t\t\t\t<a href=\"https:\/\/arayayin.com\/dagitim\/product\/evdeki-melegi-oldurmek-onur-butun-10lu-paket-kopya\/\" class=\"wc-block-grid__product-link\">\n\t\t\t\t\t<div class=\"wc-block-grid__product-onsale\">\n\t\t\t<span aria-hidden=\"true\">\u0130ndirim<\/span>\n\t\t\t<span class=\"screen-reader-text\">\u0130ndirimdeki \u00fcr\u00fcn<\/span>\n\t\t<\/div>\n\t\t\t\t\t<div class=\"wc-block-grid__product-image\"><img loading=\"lazy\" decoding=\"async\" width=\"300\" height=\"300\" src=\"https:\/\/arayayin.com\/dagitim\/wp-content\/uploads\/2026\/03\/emo-300x300.jpg\" class=\"attachment-woocommerce_thumbnail size-woocommerce_thumbnail\" alt=\"Evdeki Mele\u011fi \u00d6ld\u00fcrmek - Onur B\u00fct\u00fcn, 10&#039;lu Paket\" srcset=\"https:\/\/arayayin.com\/dagitim\/wp-content\/uploads\/2026\/03\/emo-300x300.jpg 300w, https:\/\/arayayin.com\/dagitim\/wp-content\/uploads\/2026\/03\/emo-100x100.jpg 100w, https:\/\/arayayin.com\/dagitim\/wp-content\/uploads\/2026\/03\/emo-600x600.jpg 600w, https:\/\/arayayin.com\/dagitim\/wp-content\/uploads\/2026\/03\/emo-1024x1024.jpg 1024w, https:\/\/arayayin.com\/dagitim\/wp-content\/uploads\/2026\/03\/emo-150x150.jpg 150w, https:\/\/arayayin.com\/dagitim\/wp-content\/uploads\/2026\/03\/emo-768x768.jpg 768w, https:\/\/arayayin.com\/dagitim\/wp-content\/uploads\/2026\/03\/emo.jpg 1200w\" sizes=\"auto, (max-width: 300px) 100vw, 300px\" \/><\/div>\n\t\t\t\t\t<div class=\"wc-block-grid__product-title\">Evdeki Mele\u011fi \u00d6ld\u00fcrmek &#8211; Onur B\u00fct\u00fcn, 10&#8217;lu Paket<\/div>\n\t\t\t\t<\/a>\n\t\t\t\t<div class=\"wc-block-grid__product-price price\"><del aria-hidden=\"true\"><span class=\"woocommerce-Price-amount amount\"><span class=\"woocommerce-Price-currencySymbol\">&#8378;<\/span>2.330,00<\/span><\/del> <span class=\"screen-reader-text\">Orijinal fiyat: &#8378;2.330,00.<\/span><ins aria-hidden=\"true\"><span class=\"woocommerce-Price-amount amount\"><span class=\"woocommerce-Price-currencySymbol\">&#8378;<\/span>1.400,00<\/span><\/ins><span class=\"screen-reader-text\">\u015eu andaki fiyat: &#8378;1.400,00.<\/span><\/div>\n\t\t\t\t\n\t\t\t\t<div class=\"wp-block-button wc-block-grid__product-add-to-cart\"><a href=\"\/dagitim\/wp-json\/wp\/v2\/pages\/8?add-to-cart=25\" aria-label=\"Sepete ekle: \u201cEvdeki Mele\u011fi \u00d6ld\u00fcrmek - Onur B\u00fct\u00fcn, 10&#039;lu Paket\u201d\" data-quantity=\"1\" data-product_id=\"25\" data-product_sku=\"\" data-price=\"1400\" rel=\"nofollow\" class=\"wp-block-button__link wp-element-button add_to_cart_button ajax_add_to_cart\">Sepete Ekle<\/a><\/div>\n\t\t\t<\/li><li class=\"wc-block-grid__product\">\n\t\t\t\t<a href=\"https:\/\/arayayin.com\/dagitim\/product\/sanat-terimleri-ve-kavramlari-sozlugu-redhouse-10lu-paket\/\" class=\"wc-block-grid__product-link\">\n\t\t\t\t\t<div class=\"wc-block-grid__product-onsale\">\n\t\t\t<span aria-hidden=\"true\">\u0130ndirim<\/span>\n\t\t\t<span class=\"screen-reader-text\">\u0130ndirimdeki \u00fcr\u00fcn<\/span>\n\t\t<\/div>\n\t\t\t\t\t<div class=\"wc-block-grid__product-image\"><img loading=\"lazy\" decoding=\"async\" width=\"300\" height=\"300\" src=\"https:\/\/arayayin.com\/dagitim\/wp-content\/uploads\/2026\/03\/rhsanat-300x300.jpg\" class=\"attachment-woocommerce_thumbnail size-woocommerce_thumbnail\" alt=\"Sanat Terimleri ve Kavramlar\u0131 S\u00f6zl\u00fc\u011f\u00fc - Redhouse, 10&#039;lu Paket\" srcset=\"https:\/\/arayayin.com\/dagitim\/wp-content\/uploads\/2026\/03\/rhsanat-300x300.jpg 300w, https:\/\/arayayin.com\/dagitim\/wp-content\/uploads\/2026\/03\/rhsanat-100x100.jpg 100w, https:\/\/arayayin.com\/dagitim\/wp-content\/uploads\/2026\/03\/rhsanat-600x600.jpg 600w, https:\/\/arayayin.com\/dagitim\/wp-content\/uploads\/2026\/03\/rhsanat-1024x1024.jpg 1024w, https:\/\/arayayin.com\/dagitim\/wp-content\/uploads\/2026\/03\/rhsanat-150x150.jpg 150w, https:\/\/arayayin.com\/dagitim\/wp-content\/uploads\/2026\/03\/rhsanat-768x768.jpg 768w, https:\/\/arayayin.com\/dagitim\/wp-content\/uploads\/2026\/03\/rhsanat.jpg 1502w\" sizes=\"auto, (max-width: 300px) 100vw, 300px\" \/><\/div>\n\t\t\t\t\t<div class=\"wc-block-grid__product-title\">Sanat Terimleri ve Kavramlar\u0131 S\u00f6zl\u00fc\u011f\u00fc &#8211; Redhouse, 10&#8217;lu Paket<\/div>\n\t\t\t\t<\/a>\n\t\t\t\t<div class=\"wc-block-grid__product-price price\"><del aria-hidden=\"true\"><span class=\"woocommerce-Price-amount amount\"><span class=\"woocommerce-Price-currencySymbol\">&#8378;<\/span>1.500,00<\/span><\/del> <span class=\"screen-reader-text\">Orijinal fiyat: &#8378;1.500,00.<\/span><ins aria-hidden=\"true\"><span class=\"woocommerce-Price-amount amount\"><span class=\"woocommerce-Price-currencySymbol\">&#8378;<\/span>1.000,00<\/span><\/ins><span class=\"screen-reader-text\">\u015eu andaki fiyat: &#8378;1.000,00.<\/span><\/div>\n\t\t\t\t\n\t\t\t\t<div class=\"wp-block-button wc-block-grid__product-add-to-cart\"><a href=\"\/dagitim\/wp-json\/wp\/v2\/pages\/8?add-to-cart=23\" aria-label=\"Sepete ekle: \u201cSanat Terimleri ve Kavramlar\u0131 S\u00f6zl\u00fc\u011f\u00fc - Redhouse, 10&#039;lu Paket\u201d\" data-quantity=\"1\" data-product_id=\"23\" data-product_sku=\"\" data-price=\"1000\" rel=\"nofollow\" class=\"wp-block-button__link wp-element-button add_to_cart_button ajax_add_to_cart\">Sepete Ekle<\/a><\/div>\n\t\t\t<\/li><\/ul><\/div><\/div>\n<\/div>\n","protected":false},"excerpt":{"rendered":"","protected":false},"author":1,"featured_media":0,"parent":0,"menu_order":0,"comment_status":"closed","ping_status":"closed","template":"","meta":{"footnotes":""},"class_list":["post-8","page","type-page","status-publish","hentry"],"_links":{"self":[{"href":"https:\/\/arayayin.com\/dagitim\/wp-json\/wp\/v2\/pages\/8","targetHints":{"allow":["GET"]}}],"collection":[{"href":"https:\/\/arayayin.com\/dagitim\/wp-json\/wp\/v2\/pages"}],"about":[{"href":"https:\/\/arayayin.com\/dagitim\/wp-json\/wp\/v2\/types\/page"}],"author":[{"embeddable":true,"href":"https:\/\/arayayin.com\/dagitim\/wp-json\/wp\/v2\/users\/1"}],"replies":[{"embeddable":true,"href":"https:\/\/arayayin.com\/dagitim\/wp-json\/wp\/v2\/comments?post=8"}],"version-history":[{"count":2,"href":"https:\/\/arayayin.com\/dagitim\/wp-json\/wp\/v2\/pages\/8\/revisions"}],"predecessor-version":[{"id":28,"href":"https:\/\/arayayin.com\/dagitim\/wp-json\/wp\/v2\/pages\/8\/revisions\/28"}],"wp:attachment":[{"href":"https:\/\/arayayin.com\/dagitim\/wp-json\/wp\/v2\/media?parent=8"}],"curies":[{"name":"wp","href":"https:\/\/api.w.org\/{rel}","templated":true}]}}