{"id":15,"date":"2026-03-09T14:27:50","date_gmt":"2026-03-09T11:27:50","guid":{"rendered":"https:\/\/arayayin.com\/dagitim\/?post_type=product&#038;p=15"},"modified":"2026-03-10T05:41:46","modified_gmt":"2026-03-10T02:41:46","slug":"turk-erkegi-kime-neden-baglanir-10lu-paket","status":"publish","type":"product","link":"https:\/\/arayayin.com\/dagitim\/product\/turk-erkegi-kime-neden-baglanir-10lu-paket\/","title":{"rendered":"T\u00fcrk Erke\u011fi Kime, Neden Ba\u011flan\u0131r? &#8211; Ferit Alkan, 10&#8217;lu Paket"},"content":{"rendered":"<p>T\u00fcrk Erke\u011fi Kime, Neden Ba\u011flan\u0131r? Erkek Beyninin Bilin\u00e7d\u0131\u015f\u0131 Anahtarlar\u0131n\u0131 Ke\u015ffedin<br \/>\nFerit Alkan<br \/>\nARA YAYIN<\/p>\n<blockquote><p><span class=\"info__text\">Bireylerin, dijital topluluklar taraf\u0131ndan olu\u015fturulmu\u015f g\u00fczellik ve ba\u015far\u0131 kal\u0131plar\u0131na uymaya zorland\u0131\u011f\u0131 bir \u00e7a\u011fday\u0131z. Bu da yetmezmi\u015f gibi, talihsizce bast\u0131r\u0131lm\u0131\u015f benliklerini o\u011flu \u00fczerinden g\u00f6r\u00fcn\u00fcr k\u0131lmaya \u00e7al\u0131\u015fan anne ve babalar\u0131n, ve onlar\u0131n eseri olan narsist erkeklerin co\u011frafyas\u0131nday\u0131z. B\u00f6yle bir ortamda, erkek davran\u0131\u015flar\u0131n\u0131n nas\u0131l manip\u00fcle edilebilece\u011fi ile ilgili tavsiyeler i\u00e7eren bir kitab\u0131n, T\u00fcrk Kad\u0131n\u0131&#8217;n\u0131n hakk\u0131 oldu\u011funu d\u00fc\u015f\u00fcn\u00fcyorum.<\/span><\/p>\n<p>Kitab\u0131 okurken \u015fu sorular\u0131 tekrar de\u011ferlendirecek, baz\u0131lar\u0131na yan\u0131t bulurken baz\u0131lar\u0131n\u0131n da hangi \u00f6nyarg\u0131lara dayand\u0131\u011f\u0131n\u0131 farkederek g\u00fcl\u00fcp ge\u00e7eceksiniz:<\/p>\n<p>\u201cKad\u0131n\u0131n d\u00fc\u015fman\u0131 kad\u0131n\u201d m\u0131d\u0131r? Erkek i\u00e7in her yeni ili\u015fki skor tahtas\u0131na at\u0131lacak bir \u00e7izikten mi ibarettir? Erkekler annesine benzeyen kad\u0131nlara m\u0131 a\u015f\u0131k olur? Erkekler itaatkar kad\u0131n, kad\u0131nlar serseri erkek mi sever? Bu \u00e7ocuk bu k\u0131zda ne buluyor? Bu k\u0131z\u0131n bu herifle ne i\u015fi var? K\u0131z \u00e7ocu\u011fa neler ediyor \u00e7ocuk hala deli gibi pe\u015finde, b\u00fcy\u00fc m\u00fc yap\u0131lm\u0131\u015f acaba?&#8230;<\/p><\/blockquote>\n<table>\n<tbody>\n<tr>\n<td>Liste Fiyat\u0131:<\/td>\n<td>150,00 TL<\/td>\n<\/tr>\n<tr>\n<td>Yay\u0131n Tarihi:<\/td>\n<td>24.10.2025<\/td>\n<\/tr>\n<tr>\n<td>ISBN:<\/td>\n<td>9786259394800<\/td>\n<\/tr>\n<tr>\n<td>Dil:<\/td>\n<td>T\u00dcRK\u00c7E<\/td>\n<\/tr>\n<tr>\n<td>Sayfa Say\u0131s\u0131:<\/td>\n<td>212<\/td>\n<\/tr>\n<tr>\n<td>Cilt Tipi:<\/td>\n<td>Karton Kapak<\/td>\n<\/tr>\n<tr>\n<td>Ka\u011f\u0131t Cinsi:<\/td>\n<td>Kitap Ka\u011f\u0131d\u0131<\/td>\n<\/tr>\n<tr>\n<td>Boyut:<\/td>\n<td>14 x 20 cm<\/td>\n<\/tr>\n<\/tbody>\n<\/table>\n","protected":false},"excerpt":{"rendered":"<p>T\u00fcrk Erke\u011fi Kime, Neden Ba\u011flan\u0131r? kitab\u0131 10&#8217;lu paket. Kargo ve Vergi Fiyata Dahildir.<\/p>\n","protected":false},"featured_media":21,"comment_status":"open","ping_status":"closed","template":"","meta":[],"product_brand":[],"product_cat":[15],"product_tag":[],"class_list":{"0":"post-15","1":"product","2":"type-product","3":"status-publish","4":"has-post-thumbnail","6":"product_cat-kitap","8":"first","9":"instock","10":"sale","11":"shipping-taxable","12":"purchasable","13":"product-type-simple"},"_links":{"self":[{"href":"https:\/\/arayayin.com\/dagitim\/wp-json\/wp\/v2\/product\/15","targetHints":{"allow":["GET"]}}],"collection":[{"href":"https:\/\/arayayin.com\/dagitim\/wp-json\/wp\/v2\/product"}],"about":[{"href":"https:\/\/arayayin.com\/dagitim\/wp-json\/wp\/v2\/types\/product"}],"replies":[{"embeddable":true,"href":"https:\/\/arayayin.com\/dagitim\/wp-json\/wp\/v2\/comments?post=15"}],"wp:featuredmedia":[{"embeddable":true,"href":"https:\/\/arayayin.com\/dagitim\/wp-json\/wp\/v2\/media\/21"}],"wp:attachment":[{"href":"https:\/\/arayayin.com\/dagitim\/wp-json\/wp\/v2\/media?parent=15"}],"wp:term":[{"taxonomy":"product_brand","embeddable":true,"href":"https:\/\/arayayin.com\/dagitim\/wp-json\/wp\/v2\/product_brand?post=15"},{"taxonomy":"product_cat","embeddable":true,"href":"https:\/\/arayayin.com\/dagitim\/wp-json\/wp\/v2\/product_cat?post=15"},{"taxonomy":"product_tag","embeddable":true,"href":"https:\/\/arayayin.com\/dagitim\/wp-json\/wp\/v2\/product_tag?post=15"}],"curies":[{"name":"wp","href":"https:\/\/api.w.org\/{rel}","templated":true}]}}