{"id":23,"date":"2026-03-10T05:26:13","date_gmt":"2026-03-10T02:26:13","guid":{"rendered":"https:\/\/arayayin.com\/dagitim\/?post_type=product&#038;p=23"},"modified":"2026-03-10T05:31:22","modified_gmt":"2026-03-10T02:31:22","slug":"sanat-terimleri-ve-kavramlari-sozlugu-redhouse-10lu-paket","status":"publish","type":"product","link":"https:\/\/arayayin.com\/dagitim\/product\/sanat-terimleri-ve-kavramlari-sozlugu-redhouse-10lu-paket\/","title":{"rendered":"Sanat Terimleri ve Kavramlar\u0131 S\u00f6zl\u00fc\u011f\u00fc &#8211; Redhouse, 10&#8217;lu Paket"},"content":{"rendered":"<p>Sanat Terimleri ve Kavramlar\u0131 S\u00f6zl\u00fc\u011f\u00fc<br \/>\nDictionary of Art Terms and Concepts<\/p>\n<p>Y\u0131ld\u0131ray Karakiya<\/p>\n<p>REDHOUSE YAYIN GRUBU<\/p>\n<blockquote><p>S\u00f6zl\u00fc\u011f\u00fcn haz\u0131rlan\u0131\u015f\u0131nda sanat\u0131n belirli dallar\u0131yla s\u0131n\u0131rl\u0131 kal\u0131nmay\u0131p resimden heykele, seramikten mimarl\u0131\u011fa, dekoratif sanatlardan grafik sanatlar\u0131na bir\u00e7ok farkl\u0131 alandan binlerce terim bir araya getirildi ve toplam 6000\u2019den fazla \u0130ngilizce ve T\u00fcrk\u00e7e terime yer verildi.<\/p>\n<p>Bu kaynaktaki onlarca bilgi kutucu\u011fu sayesinde, okuyucular\u0131n sanat terimleri ve kavramlar\u0131 hakk\u0131nda daha fazla bilgi sahibi olabilmesi hedeflendi. Bu bilgi kutucuklar\u0131nda, sanat ak\u0131mlar\u0131n\u0131n yan\u0131 s\u0131ra \u00f6nemli sanat\u00e7\u0131lar\u0131n hik\u00e2yelerini de bulabilirsiniz.<br \/>\n\u00c7izimleri ve farkl\u0131 tasar\u0131m\u0131yla s\u00f6zl\u00fc\u011fe bakmay\u0131 daha da keyifli hale getiren Sanat Terimleri ve Kavramlar\u0131 S\u00f6zl\u00fc\u011f\u00fc, Redhouse\u2019un s\u00f6zl\u00fck\u00e7\u00fcl\u00fck alan\u0131ndaki 145 y\u0131l\u0131 a\u015fk\u0131n deneyiminin yeni \u00fcr\u00fcn\u00fc. B\u00fcy\u00fck bir titizlikle haz\u0131rlanan yeni s\u00f6zl\u00fc\u011f\u00fcm\u00fcz, sanat\u00e7\u0131lar, sanat e\u011fitimi alan ki\u015filer, sanatseverler ve k\u0131saca sanatla ilgilenen herkes i\u00e7in kapsaml\u0131 ve g\u00fcvenilir bir kaynak.<\/p><\/blockquote>\n<table>\n<tbody>\n<tr>\n<td>Liste Fiyat\u0131:<\/td>\n<td>150 TL<\/td>\n<\/tr>\n<tr>\n<td>Yay\u0131n Tarihi:<\/td>\n<td>01.11.2011<\/td>\n<\/tr>\n<tr>\n<td>ISBN:<\/td>\n<td>9786054119080<\/td>\n<\/tr>\n<tr>\n<td>Dil:<\/td>\n<td>T\u00dcRK\u00c7E<\/td>\n<\/tr>\n<tr>\n<td>Sayfa Say\u0131s\u0131:<\/td>\n<td>507<\/td>\n<\/tr>\n<tr>\n<td>Cilt Tipi:<\/td>\n<td>Karton Kapak<\/td>\n<\/tr>\n<tr>\n<td>Ka\u011f\u0131t Cinsi:<\/td>\n<td>Kitap Ka\u011f\u0131d\u0131<\/td>\n<\/tr>\n<tr>\n<td>Boyut:<\/td>\n<td>14 x 21 cm<\/td>\n<\/tr>\n<\/tbody>\n<\/table>\n","protected":false},"excerpt":{"rendered":"<p>Sanat Terimleri ve Kavramlar\u0131 S\u00f6zl\u00fc\u011f\u00fc kitab\u0131 10&#8217;lu paket. Kargo ve Vergi Fiyata Dahildir.<\/p>\n","protected":false},"featured_media":24,"comment_status":"open","ping_status":"closed","template":"","meta":[],"product_brand":[],"product_cat":[15],"product_tag":[],"class_list":{"0":"post-23","1":"product","2":"type-product","3":"status-publish","4":"has-post-thumbnail","6":"product_cat-kitap","8":"first","9":"instock","10":"sale","11":"shipping-taxable","12":"purchasable","13":"product-type-simple"},"_links":{"self":[{"href":"https:\/\/arayayin.com\/dagitim\/wp-json\/wp\/v2\/product\/23","targetHints":{"allow":["GET"]}}],"collection":[{"href":"https:\/\/arayayin.com\/dagitim\/wp-json\/wp\/v2\/product"}],"about":[{"href":"https:\/\/arayayin.com\/dagitim\/wp-json\/wp\/v2\/types\/product"}],"replies":[{"embeddable":true,"href":"https:\/\/arayayin.com\/dagitim\/wp-json\/wp\/v2\/comments?post=23"}],"wp:featuredmedia":[{"embeddable":true,"href":"https:\/\/arayayin.com\/dagitim\/wp-json\/wp\/v2\/media\/24"}],"wp:attachment":[{"href":"https:\/\/arayayin.com\/dagitim\/wp-json\/wp\/v2\/media?parent=23"}],"wp:term":[{"taxonomy":"product_brand","embeddable":true,"href":"https:\/\/arayayin.com\/dagitim\/wp-json\/wp\/v2\/product_brand?post=23"},{"taxonomy":"product_cat","embeddable":true,"href":"https:\/\/arayayin.com\/dagitim\/wp-json\/wp\/v2\/product_cat?post=23"},{"taxonomy":"product_tag","embeddable":true,"href":"https:\/\/arayayin.com\/dagitim\/wp-json\/wp\/v2\/product_tag?post=23"}],"curies":[{"name":"wp","href":"https:\/\/api.w.org\/{rel}","templated":true}]}}