{"id":25,"date":"2026-03-10T05:32:06","date_gmt":"2026-03-10T02:32:06","guid":{"rendered":"https:\/\/arayayin.com\/dagitim\/?post_type=product&#038;p=25"},"modified":"2026-03-10T16:24:34","modified_gmt":"2026-03-10T13:24:34","slug":"evdeki-melegi-oldurmek-onur-butun-10lu-paket-kopya","status":"publish","type":"product","link":"https:\/\/arayayin.com\/dagitim\/product\/evdeki-melegi-oldurmek-onur-butun-10lu-paket-kopya\/","title":{"rendered":"Evdeki Mele\u011fi \u00d6ld\u00fcrmek &#8211; Onur B\u00fct\u00fcn, 10&#8217;lu Paket"},"content":{"rendered":"<p>Evdeki Mele\u011fi \u00d6ld\u00fcrmek<br \/>\nOnur B\u00fct\u00fcn<br \/>\nHAYALC\u0130 H\u00dcCRE YAYIN<\/p>\n<blockquote><p>Elinizdeki \u00e7ok k\u0131ymetli EVDEK\u0130 MELE\u011e\u0130 \u00d6LD\u00dcRMEK: Feminist Edebiyat Ele\u015ftirisi ve Feminist Ele\u015ftiri Yaz\u0131lar\u0131 kitab\u0131, t\u0131pk\u0131 yazar Zen\u00eeme Han\u0131m\u2019\u0131n hudutlar\u0131 epeyce geni\u015f eril iklimin tam g\u00f6be\u011fine \u00e7\u00f6k\u00fcp cinsiyeti kuran s\u00f6ylemleri ele\u015ftiriden ge\u00e7irerek kendi i\u00e7inde yeniden in\u015fa etmesi gibi \u00f6nemli bir m\u00fcdahaleyle okura ula\u015f\u0131yor. Bu kitap, \u201cevdeki melek\u201d fig\u00fcr\u00fcne ve modern cinsiyet\u00e7i d\u00fc\u015f\u00fcnme bi\u00e7imine itiraz\u0131n\u0131 feminist edebiyat ele\u015ftirisinin T\u00fcrkiye\u2019deki ayr\u0131nt\u0131l\u0131 panoramas\u0131 \u00fczerinden dile getiriyor. Feminist edebiyat ele\u015ftirisinin T\u00fcrkiye\u2019de nas\u0131l ye\u015ferdi\u011fini, \u00e7e\u015fitlendi\u011fini ve k\u00f6k sald\u0131\u011f\u0131n\u0131 bir\u00e7ok kitap incelemesi \u00fczerinden okura aktar\u0131yor. Feminist ele\u015ftirinin ve birlikte d\u00fc\u015f\u00fcn\u00fclmesi gereken erkeklik \u00e7al\u0131\u015fmalar\u0131n\u0131n kuramsal arka plan\u0131n\u0131, y\u00f6ntemlerini ve \u00fcslubunu b\u00fct\u00fcn ya\u015fanm\u0131\u015fl\u0131\u011f\u0131yla, yani hem bireysel hem toplumsal anlat\u0131lar ve anekdotlarla s\u0131k\u0131 s\u0131k\u0131ya \u00f6r\u00fcyor. Ba\u015fka deyi\u015fle, Onur B\u00fct\u00fcn\u2019\u00fcn incelemeleri tan\u0131k olmaktan ve beyan etmekten ge\u00e7en bedensel ger\u00e7eklikleri ve konumlu bilginin \u00f6nemini \u00f6ne \u00e7\u0131kar\u0131rken eril edebiyat\u0131n hem tematik hem anlat\u0131sal boyutlar\u0131n\u0131 yeniden d\u00fc\u015f\u00fcn\u00fcyor. Bu kitab\u0131 okurken bir yerlerden kula\u011f\u0131n\u0131za Donna Haraway f\u0131s\u0131ldayabilir ve \u201cmedeni erke\u011finin laboratuvar\u201d\u0131nda bir \u00f6zne konumuna yerle\u015fmeyen ya da yerle\u015femeyenlerin bilgisinde \u0131srar edelim diyebilir. Haraway\u2019in \u201cO halde konum(luluk) incinebilirlikle ilgili bir \u015feydir; konum(luluk), kapan\u0131m ve nihailik politikalar\u0131na direnir [\u2026] son kertede basitle\u015ftirmeye direnir\u201d[1] d\u00fcsturu ile yak\u0131nl\u0131k kuruyor elinizdeki kitap.<\/p>\n<p>Ayn\u0131 zamanda bu kitap bilhassa ya\u015fad\u0131\u011f\u0131m\u0131z co\u011frafya \u00fczerinde yaralanabilirlik\u2014d\u00fcnyayla ve ba\u015fkayla ili\u015fkimizde ve elbette do\u011fan\u0131n g\u00fc\u00e7leri kar\u015f\u0131s\u0131nda daimi \u015fiddete maruz kald\u0131\u011f\u0131m\u0131z ve yaralanma tehlikesiyle kar\u015f\u0131la\u015ft\u0131\u011f\u0131m\u0131z durumlar ve nitelikler\u2014kavram\u0131n\u0131n anlam\u0131n\u0131 a\u00e7\u0131yor. Bu kavram\u0131n T\u00fcrkiye\u2019de katmanla\u015fan tarihsel, toplumsal ve bireysel ve\u00e7helerini, kimlerin di\u011ferlerinden daha yaralanabilir, daha k\u0131r\u0131lgan, daha g\u00fcvencesiz oldu\u011funu ara\u015ft\u0131rarak kendine has hik\u00e2yele\u015ftirme bi\u00e7imini ortaya koyuyor. Bu yan\u0131yla EVDEK\u0130 MELE\u011e\u0130 \u00d6LD\u00dcRMEK feminist edebiyat ele\u015ftirisini zamansal ve mek\u00e2nsal olarak geni\u015fletiyor. Tam da bu nedenle \u00e7ok \u00f6zel ve \u00f6zenli bir \u00e7al\u0131\u015fma olarak kar\u015f\u0131m\u0131za \u00e7\u0131k\u0131yor. Edebiyat metinlerine sirayet eden ayr\u0131mc\u0131, cinsiyet\u00e7i, \u0131rk\u00e7\u0131 ve homofobik politikalar\u0131n nihaili\u011fine ku\u015fkusunu d\u00fc\u015f\u00fcr\u00fcrken bunlar\u0131n zaman-mek\u00e2nda kurban yaratmas\u0131na direniyor. Direnen bir yazar, direnen bir okur talep ediyor hi\u00e7 \u015f\u00fcphesiz\u2026<\/p>\n<p>Onur B\u00fct\u00fcn \u201cGiri\u015f\u201d yaz\u0131s\u0131nda okura \u015funlar\u0131 s\u00f6yl\u00fcyor:\u201c[\u2026] bu yaz\u0131lar, kad\u0131nlar\u0131n ki\u015fisel hik\u00e2yelerinden, kad\u0131n cinayetlerine, otobiyografik okuma ve yazma y\u00f6ntemine, bildungsromanlardan, feminist kurama, m\u00fccadeleye, edebiyat ele\u015ftirisinin farkl\u0131 bi\u00e7im ve renklerine kadar \u00e7e\u015fitli tart\u0131\u015fmalara ve metinlere feminist bir filtreyle yakla\u015f\u0131yor.\u201d<\/p>\n<p>Deniz G\u00fcndo\u011fan \u0130bri\u015fim<\/p><\/blockquote>\n<table>\n<tbody>\n<tr>\n<td>Liste Fiyat\u0131:<\/td>\n<td>\u00a0233,67 TL<\/td>\n<\/tr>\n<tr>\n<td>Yay\u0131n Tarihi:<\/td>\n<td>02.11.2023<\/td>\n<\/tr>\n<tr>\n<td>ISBN:<\/td>\n<td>9786259410531<\/td>\n<\/tr>\n<tr>\n<td>Dil:<\/td>\n<td>T\u00dcRK\u00c7E<\/td>\n<\/tr>\n<tr>\n<td>Sayfa Say\u0131s\u0131:<\/td>\n<td>354<\/td>\n<\/tr>\n<tr>\n<td>Cilt Tipi:<\/td>\n<td>Karton Kapak<\/td>\n<\/tr>\n<tr>\n<td>Ka\u011f\u0131t Cinsi:<\/td>\n<td>Kitap Ka\u011f\u0131d\u0131<\/td>\n<\/tr>\n<tr>\n<td>Boyut:<\/td>\n<td>13.5 x 21 cm<\/td>\n<\/tr>\n<\/tbody>\n<\/table>\n","protected":false},"excerpt":{"rendered":"<p>Evdeki Mele\u011fi \u00d6ld\u00fcrmek kitab\u0131 10&#8217;lu paket. Kargo ve Vergi Fiyata Dahildir.<\/p>\n","protected":false},"featured_media":26,"comment_status":"open","ping_status":"closed","template":"","meta":[],"product_brand":[],"product_cat":[15],"product_tag":[],"class_list":{"0":"post-25","1":"product","2":"type-product","3":"status-publish","4":"has-post-thumbnail","6":"product_cat-kitap","8":"first","9":"instock","10":"sale","11":"shipping-taxable","12":"purchasable","13":"product-type-simple"},"_links":{"self":[{"href":"https:\/\/arayayin.com\/dagitim\/wp-json\/wp\/v2\/product\/25","targetHints":{"allow":["GET"]}}],"collection":[{"href":"https:\/\/arayayin.com\/dagitim\/wp-json\/wp\/v2\/product"}],"about":[{"href":"https:\/\/arayayin.com\/dagitim\/wp-json\/wp\/v2\/types\/product"}],"replies":[{"embeddable":true,"href":"https:\/\/arayayin.com\/dagitim\/wp-json\/wp\/v2\/comments?post=25"}],"wp:featuredmedia":[{"embeddable":true,"href":"https:\/\/arayayin.com\/dagitim\/wp-json\/wp\/v2\/media\/26"}],"wp:attachment":[{"href":"https:\/\/arayayin.com\/dagitim\/wp-json\/wp\/v2\/media?parent=25"}],"wp:term":[{"taxonomy":"product_brand","embeddable":true,"href":"https:\/\/arayayin.com\/dagitim\/wp-json\/wp\/v2\/product_brand?post=25"},{"taxonomy":"product_cat","embeddable":true,"href":"https:\/\/arayayin.com\/dagitim\/wp-json\/wp\/v2\/product_cat?post=25"},{"taxonomy":"product_tag","embeddable":true,"href":"https:\/\/arayayin.com\/dagitim\/wp-json\/wp\/v2\/product_tag?post=25"}],"curies":[{"name":"wp","href":"https:\/\/api.w.org\/{rel}","templated":true}]}}