{"id":69,"date":"2026-03-10T20:31:17","date_gmt":"2026-03-10T17:31:17","guid":{"rendered":"https:\/\/arayayin.com\/dagitim\/?post_type=product&#038;p=69"},"modified":"2026-03-10T20:33:11","modified_gmt":"2026-03-10T17:33:11","slug":"kurgu-disi-kitap-editorlugu","status":"publish","type":"product","link":"https:\/\/arayayin.com\/dagitim\/product\/kurgu-disi-kitap-editorlugu\/","title":{"rendered":"Kurgu D\u0131\u015f\u0131 Kitap Edit\u00f6rl\u00fc\u011f\u00fc"},"content":{"rendered":"<p data-start=\"32\" data-end=\"302\">Bir kurgu d\u0131\u015f\u0131 kitap, yaln\u0131zca bilgi aktaran bir metin de\u011fildir. Okuru ad\u0131m ad\u0131m ilerleten bir d\u00fc\u015f\u00fcnce ak\u0131\u015f\u0131, g\u00fc\u00e7l\u00fc bir anlat\u0131m ve sa\u011flam bir yap\u0131 gerektirir. Edit\u00f6rl\u00fck s\u00fcreci, bu yap\u0131n\u0131n g\u00f6r\u00fcn\u00fcr h\u00e2le gelmesini ve metnin potansiyelini tam olarak ortaya koymas\u0131n\u0131 sa\u011flar.<\/p>\n<p data-start=\"304\" data-end=\"545\">Bu hizmet kapsam\u0131nda, haz\u0131rlad\u0131\u011f\u0131n\u0131z kurgu d\u0131\u015f\u0131 kitap metni editoryal a\u00e7\u0131dan ayr\u0131nt\u0131l\u0131 bi\u00e7imde incelenir ve geli\u015ftirilir. Ama\u00e7; metnin anlam b\u00fct\u00fcnl\u00fc\u011f\u00fcn\u00fc koruyarak daha ak\u0131c\u0131, daha anla\u015f\u0131l\u0131r ve daha g\u00fc\u00e7l\u00fc bir anlat\u0131ma kavu\u015fmas\u0131n\u0131 sa\u011flamakt\u0131r.<\/p>\n<p data-start=\"547\" data-end=\"950\">Edit\u00f6rl\u00fck \u00e7al\u0131\u015fmas\u0131nda metnin genel kurgusu, b\u00f6l\u00fcm yap\u0131s\u0131, anlat\u0131m ak\u0131\u015f\u0131 ve d\u00fc\u015f\u00fcnce b\u00fct\u00fcnl\u00fc\u011f\u00fc de\u011ferlendirilir. Gerekli g\u00f6r\u00fclen yerlerde anlat\u0131m g\u00fc\u00e7lendirilir, tekrarlar sadele\u015ftirilir ve metnin okur a\u00e7\u0131s\u0131ndan daha rahat takip edilebilir bir yap\u0131ya kavu\u015fmas\u0131 sa\u011flan\u0131r. Bu s\u00fcre\u00e7te yazar\u0131n \u00fcslubu korunur; yap\u0131lan d\u00fczenlemeler metnin \u00f6z\u00fcn\u00fc de\u011fi\u015ftirmek yerine onu daha net ve etkili h\u00e2le getirmeyi hedefler.<\/p>\n<p data-start=\"952\" data-end=\"1022\">Kurgu d\u0131\u015f\u0131 kitap edit\u00f6rl\u00fc\u011f\u00fc hizmetimiz \u00f6zellikle \u015fu t\u00fcr \u00e7al\u0131\u015fmalar i\u00e7in uygundur:<\/p>\n<ul data-start=\"1024\" data-end=\"1221\">\n<li data-section-id=\"16hltac\" data-start=\"1024\" data-end=\"1059\">\n<p data-start=\"1026\" data-end=\"1059\">ara\u015ft\u0131rma ve inceleme kitaplar\u0131<\/p>\n<\/li>\n<li data-section-id=\"qye0d7\" data-start=\"1060\" data-end=\"1101\">\n<p data-start=\"1062\" data-end=\"1101\">ki\u015fisel geli\u015fim ve uzmanl\u0131k kitaplar\u0131<\/p>\n<\/li>\n<li data-section-id=\"18lf8uh\" data-start=\"1102\" data-end=\"1139\">\n<p data-start=\"1104\" data-end=\"1139\">i\u015f d\u00fcnyas\u0131 ve deneyim aktar\u0131mlar\u0131<\/p>\n<\/li>\n<li data-section-id=\"1148j5x\" data-start=\"1140\" data-end=\"1175\">\n<p data-start=\"1142\" data-end=\"1175\">an\u0131, deneme ve d\u00fc\u015f\u00fcnce yaz\u0131lar\u0131<\/p>\n<\/li>\n<li data-section-id=\"1nx2tq1\" data-start=\"1176\" data-end=\"1221\">\n<p data-start=\"1178\" data-end=\"1221\">akademik i\u00e7erikten kitapla\u015ft\u0131r\u0131lan metinler<\/p>\n<\/li>\n<li data-section-id=\"1nx2tq1\" data-start=\"1176\" data-end=\"1221\">maksimum 13,5&#215;21 cm kitap boyutunda olup ve 350 sayfay\u0131 a\u015fmayanlar<\/li>\n<\/ul>\n<p data-start=\"1439\" data-end=\"1638\" data-is-last-node=\"\" data-is-only-node=\"\">\n","protected":false},"excerpt":{"rendered":"<p>Bir kurgu d\u0131\u015f\u0131 kitap, yaln\u0131zca bilgi aktaran bir metin de\u011fildir. Okuru ad\u0131m ad\u0131m ilerleten bir d\u00fc\u015f\u00fcnce ak\u0131\u015f\u0131, g\u00fc\u00e7l\u00fc bir anlat\u0131m ve sa\u011flam bir yap\u0131 gerektirir. Edit\u00f6rl\u00fck s\u00fcreci, bu yap\u0131n\u0131n g\u00f6r\u00fcn\u00fcr h\u00e2le gelmesini ve metnin potansiyelini tam olarak ortaya koymas\u0131n\u0131 sa\u011flar. Bu hizmet kapsam\u0131nda, haz\u0131rlad\u0131\u011f\u0131n\u0131z kurgu d\u0131\u015f\u0131 kitap metni editoryal a\u00e7\u0131dan ayr\u0131nt\u0131l\u0131 bi\u00e7imde incelenir ve geli\u015ftirilir. [&hellip;]<\/p>\n","protected":false},"featured_media":45,"comment_status":"open","ping_status":"closed","template":"","meta":[],"product_brand":[],"product_cat":[15],"product_tag":[],"class_list":{"0":"post-69","1":"product","2":"type-product","3":"status-publish","4":"has-post-thumbnail","6":"product_cat-kitap","8":"first","9":"instock","10":"virtual","11":"purchasable","12":"product-type-simple"},"_links":{"self":[{"href":"https:\/\/arayayin.com\/dagitim\/wp-json\/wp\/v2\/product\/69","targetHints":{"allow":["GET"]}}],"collection":[{"href":"https:\/\/arayayin.com\/dagitim\/wp-json\/wp\/v2\/product"}],"about":[{"href":"https:\/\/arayayin.com\/dagitim\/wp-json\/wp\/v2\/types\/product"}],"replies":[{"embeddable":true,"href":"https:\/\/arayayin.com\/dagitim\/wp-json\/wp\/v2\/comments?post=69"}],"wp:featuredmedia":[{"embeddable":true,"href":"https:\/\/arayayin.com\/dagitim\/wp-json\/wp\/v2\/media\/45"}],"wp:attachment":[{"href":"https:\/\/arayayin.com\/dagitim\/wp-json\/wp\/v2\/media?parent=69"}],"wp:term":[{"taxonomy":"product_brand","embeddable":true,"href":"https:\/\/arayayin.com\/dagitim\/wp-json\/wp\/v2\/product_brand?post=69"},{"taxonomy":"product_cat","embeddable":true,"href":"https:\/\/arayayin.com\/dagitim\/wp-json\/wp\/v2\/product_cat?post=69"},{"taxonomy":"product_tag","embeddable":true,"href":"https:\/\/arayayin.com\/dagitim\/wp-json\/wp\/v2\/product_tag?post=69"}],"curies":[{"name":"wp","href":"https:\/\/api.w.org\/{rel}","templated":true}]}}