{"id":70,"date":"2026-03-10T20:33:17","date_gmt":"2026-03-10T17:33:17","guid":{"rendered":"https:\/\/arayayin.com\/dagitim\/?post_type=product&#038;p=70"},"modified":"2026-03-10T20:34:35","modified_gmt":"2026-03-10T17:34:35","slug":"kurgu-kitap-editorlugu","status":"publish","type":"product","link":"https:\/\/arayayin.com\/dagitim\/product\/kurgu-kitap-editorlugu\/","title":{"rendered":"Kurgu Kitap Edit\u00f6rl\u00fc\u011f\u00fc"},"content":{"rendered":"<p data-start=\"27\" data-end=\"289\">Bir kurgu metni yaln\u0131zca iyi bir fikirden ibaret de\u011fildir. Okuru hik\u00e2yenin i\u00e7ine \u00e7eken bir ritim, tutarl\u0131 karakterler ve sa\u011flam bir anlat\u0131 yap\u0131s\u0131 gerektirir. Edit\u00f6rl\u00fck s\u00fcreci, bu unsurlar\u0131n g\u00f6r\u00fcn\u00fcr h\u00e2le gelmesini ve metnin anlat\u0131 g\u00fcc\u00fcn\u00fcn ortaya \u00e7\u0131kmas\u0131n\u0131 sa\u011flar.<\/p>\n<p data-start=\"291\" data-end=\"568\">Bu hizmet kapsam\u0131nda roman, \u00f6yk\u00fc ve di\u011fer kurgu t\u00fcrlerinde haz\u0131rlanan metinler editoryal a\u00e7\u0131dan ayr\u0131nt\u0131l\u0131 bi\u00e7imde de\u011ferlendirilir. Ama\u00e7, hik\u00e2yenin ak\u0131\u015f\u0131n\u0131 g\u00fc\u00e7lendirmek, anlat\u0131m\u0131n daha etkili ilerlemesini sa\u011flamak ve metni okur a\u00e7\u0131s\u0131ndan daha g\u00fc\u00e7l\u00fc bir b\u00fct\u00fcn h\u00e2line getirmektir.<\/p>\n<p data-start=\"570\" data-end=\"996\">Edit\u00f6rl\u00fck \u00e7al\u0131\u015fmas\u0131nda metnin genel kurgusu, olay \u00f6rg\u00fcs\u00fc, b\u00f6l\u00fcm yap\u0131s\u0131, anlat\u0131m ritmi ve karakter geli\u015fimi ele al\u0131n\u0131r. Gerekti\u011finde sahneler aras\u0131ndaki ge\u00e7i\u015fler g\u00f6zden ge\u00e7irilir, anlat\u0131m\u0131n zay\u0131flad\u0131\u011f\u0131 b\u00f6l\u00fcmler g\u00fc\u00e7lendirilir ve hik\u00e2yenin ak\u0131\u015f\u0131n\u0131 yava\u015flatan tekrarlar sadele\u015ftirilir. Bu s\u00fcre\u00e7te yazar\u0131n anlat\u0131m dili korunur; yap\u0131lan d\u00fczenlemeler metnin \u00f6zg\u00fcn tonunu de\u011fi\u015ftirmeden onu daha sa\u011flam bir yap\u0131ya kavu\u015fturmay\u0131 ama\u00e7lar.<\/p>\n<p data-start=\"998\" data-end=\"1063\">Kurgu kitap edit\u00f6rl\u00fc\u011f\u00fc \u00f6zellikle \u015fu t\u00fcr \u00e7al\u0131\u015fmalar i\u00e7in uygundur:<\/p>\n<ul data-start=\"1065\" data-end=\"1207\">\n<li data-section-id=\"1hbaw6g\" data-start=\"1065\" data-end=\"1077\">\n<p data-start=\"1067\" data-end=\"1077\">romanlar<\/p>\n<\/li>\n<li data-section-id=\"1549vh5\" data-start=\"1078\" data-end=\"1096\">\n<p data-start=\"1080\" data-end=\"1096\">\u00f6yk\u00fc kitaplar\u0131<\/p>\n<\/li>\n<li data-section-id=\"bs9npb\" data-start=\"1097\" data-end=\"1135\">\n<p data-start=\"1099\" data-end=\"1135\">gen\u00e7 yeti\u015fkin (YA) kurgu metinleri<\/p>\n<\/li>\n<li data-section-id=\"ggzxpj\" data-start=\"1136\" data-end=\"1181\">\n<p data-start=\"1138\" data-end=\"1181\">fantastik, bilimkurgu ve polisiye t\u00fcrleri<\/p>\n<\/li>\n<li data-section-id=\"16itun3\" data-start=\"1182\" data-end=\"1207\">\n<p data-start=\"1184\" data-end=\"1207\">edebi kurgu \u00e7al\u0131\u015fmalar\u0131<\/p>\n<\/li>\n<\/ul>\n<ul data-start=\"1024\" data-end=\"1221\">\n<li data-section-id=\"1nx2tq1\" data-start=\"1176\" data-end=\"1221\">maksimum 13,5&#215;21 cm kitap boyutunda olup 350 sayfay\u0131 a\u015fmayanlar<\/li>\n<\/ul>\n<p data-start=\"1439\" data-end=\"1638\" data-is-last-node=\"\" data-is-only-node=\"\">\n","protected":false},"excerpt":{"rendered":"<p>Bir kurgu metni yaln\u0131zca iyi bir fikirden ibaret de\u011fildir. Okuru hik\u00e2yenin i\u00e7ine \u00e7eken bir ritim, tutarl\u0131 karakterler ve sa\u011flam bir anlat\u0131 yap\u0131s\u0131 gerektirir. Edit\u00f6rl\u00fck s\u00fcreci, bu unsurlar\u0131n g\u00f6r\u00fcn\u00fcr h\u00e2le gelmesini ve metnin anlat\u0131 g\u00fcc\u00fcn\u00fcn ortaya \u00e7\u0131kmas\u0131n\u0131 sa\u011flar. Bu hizmet kapsam\u0131nda roman, \u00f6yk\u00fc ve di\u011fer kurgu t\u00fcrlerinde haz\u0131rlanan metinler editoryal a\u00e7\u0131dan ayr\u0131nt\u0131l\u0131 bi\u00e7imde de\u011ferlendirilir. Ama\u00e7, hik\u00e2yenin [&hellip;]<\/p>\n","protected":false},"featured_media":45,"comment_status":"open","ping_status":"closed","template":"","meta":[],"product_brand":[],"product_cat":[15],"product_tag":[],"class_list":{"0":"post-70","1":"product","2":"type-product","3":"status-publish","4":"has-post-thumbnail","6":"product_cat-kitap","8":"first","9":"instock","10":"virtual","11":"purchasable","12":"product-type-simple"},"_links":{"self":[{"href":"https:\/\/arayayin.com\/dagitim\/wp-json\/wp\/v2\/product\/70","targetHints":{"allow":["GET"]}}],"collection":[{"href":"https:\/\/arayayin.com\/dagitim\/wp-json\/wp\/v2\/product"}],"about":[{"href":"https:\/\/arayayin.com\/dagitim\/wp-json\/wp\/v2\/types\/product"}],"replies":[{"embeddable":true,"href":"https:\/\/arayayin.com\/dagitim\/wp-json\/wp\/v2\/comments?post=70"}],"wp:featuredmedia":[{"embeddable":true,"href":"https:\/\/arayayin.com\/dagitim\/wp-json\/wp\/v2\/media\/45"}],"wp:attachment":[{"href":"https:\/\/arayayin.com\/dagitim\/wp-json\/wp\/v2\/media?parent=70"}],"wp:term":[{"taxonomy":"product_brand","embeddable":true,"href":"https:\/\/arayayin.com\/dagitim\/wp-json\/wp\/v2\/product_brand?post=70"},{"taxonomy":"product_cat","embeddable":true,"href":"https:\/\/arayayin.com\/dagitim\/wp-json\/wp\/v2\/product_cat?post=70"},{"taxonomy":"product_tag","embeddable":true,"href":"https:\/\/arayayin.com\/dagitim\/wp-json\/wp\/v2\/product_tag?post=70"}],"curies":[{"name":"wp","href":"https:\/\/api.w.org\/{rel}","templated":true}]}}